{"id":54555,"date":"2023-02-25T02:21:14","date_gmt":"2023-02-25T02:21:14","guid":{"rendered":"https:\/\/ppqprecision.com\/about-us\/"},"modified":"2024-04-13T12:59:18","modified_gmt":"2024-04-13T12:59:18","slug":"about-us","status":"publish","type":"page","link":"https:\/\/ppqprecision.com\/en\/about-us\/","title":{"rendered":"About us"},"content":{"rendered":"\n<h2 class=\"wp-block-heading\"><strong>Gi\u01a1\u0301i thi\u00ea\u0323u v\u00ea\u0300 c\u00f4ng ty TNHH C\u01a1 Kh\u00ed Ch\u00ednh X\u00e1c PPQ<\/strong><\/h2>\n\n\n\n<div class=\"wp-block-media-text alignwide has-media-on-the-right is-stacked-on-mobile has-very-light-gray-to-cyan-bluish-gray-gradient-background has-background\" style=\"grid-template-columns:auto 45%\"><div class=\"wp-block-media-text__content\">\n<h3 class=\"wp-block-heading\">\n          <strong>V\u1ec1 ch\u00fang t\u00f4i<\/strong>\n        <\/h3>\n\n\n\n<p class=\"has-black-color has-text-color\"><strong>C\u00f4ng ty TNHH C\u01a1 Kh\u00ed Ch\u00ednh X\u00e1c <a href=\"https:\/\/ppqprecision.com\/en\/\" data-type=\"URL\" data-id=\"https:\/\/ppqprecision.com\/en\/\">PPQ<\/a><\/strong> l\u00e0 m\u1ed9t trong nh\u1eefng c\u00f4ng ty c\u01a1 kh\u00ed h\u00e0ng \u0111\u1ea7u t\u1ea1i B\u00ecnh D\u01b0\u01a1ng, Vi\u1ec7t Nam. V\u1edbi tr\u1ee5 s\u1edf ch\u00ednh \u0111\u1eb7t t\u1ea1i&nbsp;<strong>119 Tr\u1ea7n V\u0103n \u01a0n, \u0110\u00f4ng H\u00f2a, D\u0129 An, B\u00ecnh D\u01b0\u01a1ng, Vi\u1ec7t Nam<\/strong>&nbsp;v\u00e0 c\u00f3 h\u01a1n 10 n\u0103m chuy\u00ean cung c\u1ea5p c\u00e1c d\u1ecbch v\u1ee5 l\u1eadp tr\u00ecnh, gia c\u00f4ng phay, ti\u1ec7n CNC ch\u1ea5t l\u01b0\u1ee3ng cao cho h\u00e0ng tr\u0103m kh\u00e1ch h\u00e0ng trong v\u00e0 ngo\u00e0i n\u01b0\u1edbc g\u1ed3m nhi\u1ec1u l\u0129nh v\u1ef1c nh\u01b0 c\u01a1 kh\u00ed ch\u00ednh x\u00e1c, h\u00e0ng kh\u00f4ng v\u0169 tr\u1ee5, thi\u1ebft b\u1ecb y t\u1ebf\u2026<\/p>\n\n\n\n<p class=\"has-black-color has-text-color\">\n          <strong>\n            <em>PPQ = P: D\u1ecbch v\u1ee5 chuy\u00ean nghi\u1ec7p | P: Gi\u00e1 c\u1ea3 c\u1ea1nh tranh | Q: Ch\u1ea5t l\u01b0\u1ee3ng cam k\u1ebft<\/em>\n          <\/strong>\n        <\/p>\n<\/div><figure class=\"wp-block-media-text__media\"><img fetchpriority=\"high\" decoding=\"async\" width=\"1024\" height=\"683\" src=\"https:\/\/ppqprecision.com\/wp-content\/uploads\/2023\/03\/ppqprecision-2-1024x683.png\" alt=\"C\u01a1 Kh\u00ed Ch\u00ednh X\u00e1c PPQ\" class=\"wp-image-56756 size-full\" srcset=\"https:\/\/ppqprecision.com\/wp-content\/uploads\/2023\/03\/ppqprecision-2-1024x683.png 1024w, https:\/\/ppqprecision.com\/wp-content\/uploads\/2023\/03\/ppqprecision-2-300x200.png 300w, https:\/\/ppqprecision.com\/wp-content\/uploads\/2023\/03\/ppqprecision-2-768x512.png 768w, https:\/\/ppqprecision.com\/wp-content\/uploads\/2023\/03\/ppqprecision-2-1536x1024.png 1536w, https:\/\/ppqprecision.com\/wp-content\/uploads\/2023\/03\/ppqprecision-2-2048x1365.png 2048w, https:\/\/ppqprecision.com\/wp-content\/uploads\/2023\/03\/ppqprecision-2-600x400.png 600w\" sizes=\"(max-width: 1024px) 100vw, 1024px\" \/><\/figure><\/div>\n\n\n\n<div style=\"height:30px\" aria-hidden=\"true\" class=\"wp-block-spacer\"><\/div>\n\n\n\n<div class=\"wp-block-media-text alignwide has-media-on-the-right is-stacked-on-mobile has-very-light-gray-to-cyan-bluish-gray-gradient-background has-background\" style=\"grid-template-columns:auto 45%\"><div class=\"wp-block-media-text__content\">\n<h3 class=\"wp-block-heading\">\n          <strong>L\u1ecbch s\u1eed th\u00e0nh l\u1eadp PPQ Precision<\/strong>\n        <\/h3>\n\n\n\n<p class=\"has-black-color has-text-color\">\u2013 Ch\u00fang t\u00f4i ti\u1ec1n th\u00e2n l\u00e0 1 c\u00f4ng ty chuy\u00ean cung c\u1ea5p d\u1ecbch v\u1ee5 thi\u1ebft k\u1ebf l\u1eadp b\u1ea3n v\u1ebd CNC v\u00e0 l\u1eadp tr\u00ecnh CNC cho c\u00e1c d\u00f2ng m\u00e1y CNC 3 tr\u1ee5c \u0111\u1ebfn m\u00e1y CNC 5 tr\u1ee5c. Kh\u00e1ch h\u00e0ng c\u1ee7a ch\u00fang t\u00f4i l\u00e0 c\u00e1c c\u00f4ng ty s\u1ea3n xu\u1ea5t chi ti\u1ebft h\u00e0ng kh\u00f4ng, v\u0169 tr\u1ee5 c\u1ee7a M\u1ef9 ( Noranco, Tjaerospace, Btlmachine) v\u00e0 Nh\u1eadt ( Toshin-ss, Vinakyoeisteel, Showa-kk)\u2026<br>\u2013 Sau h\u01a1n nhi\u1ec1u n\u0103m g\u1eafn b\u00f3 v\u1edbi c\u00e1c kh\u00e1ch h\u00e0ng l\u1edbn t\u1eeb M\u1ef9 v\u00e0 Nh\u1eadt, ch\u00fang t\u00f4i \u0111\u00e3 t\u1eebng b\u01b0\u1edbc thi\u1ebft l\u1eadp \u0111\u01b0\u1ee3c m\u1ed1i quan h\u1ec7 quan h\u1ec7 t\u1eeb cung c\u1ea5p d\u1ecbch v\u1ee5 thi\u1ebft k\u1ebf v\u00e0 l\u1eadp tr\u00ecnh CNC sang t\u1ea1o l\u1eadp s\u1ef1 tin t\u01b0\u1edfng c\u1ee7a kh\u00e1ch h\u00e0ng v\u00e0 \u0111\u01b0\u1ee3c giao tr\u1ef1c ti\u1ebfp gia c\u00f4ng s\u1ea3n xu\u1ea5t CNC c\u00e1c s\u1ea3n ph\u1ea9m do ch\u00fang t\u00f4i thi\u1ebft k\u1ebf.<\/p>\n\n\n\n<p class=\"has-black-color has-text-color\"><strong><strong>T\u1eeb ti\u1ec1n \u0111\u1ec1 tr\u00ean, th\u00e1ng 05\/2019 ch\u00fang t\u00f4i ch\u00ednh th\u1ee9c th\u00e0nh l\u1eadp c\u00f4ng ty chuy\u00ean gia c\u00f4ng CNC v\u1edbi t\u00ean l\u00e0 C\u00f4ng ty TNHH C\u01a1 kh\u00ed ch\u00ednh x\u00e1c PPQ.<\/strong><\/strong><\/p>\n<\/div><figure class=\"wp-block-media-text__media\"><img decoding=\"async\" width=\"550\" height=\"380\" src=\"https:\/\/ppqprecision.com\/wp-content\/uploads\/2023\/03\/lap-trinh-cnc.png\" alt=\"lap-trinh-cnc\" class=\"wp-image-55987 size-full\" srcset=\"https:\/\/ppqprecision.com\/wp-content\/uploads\/2023\/03\/lap-trinh-cnc.png 550w, https:\/\/ppqprecision.com\/wp-content\/uploads\/2023\/03\/lap-trinh-cnc-300x207.png 300w\" sizes=\"(max-width: 550px) 100vw, 550px\" \/><\/figure><\/div>\n\n\n\n<div style=\"height:30px\" aria-hidden=\"true\" class=\"wp-block-spacer\"><\/div>\n\n\n\n<div class=\"wp-block-uagb-buttons uagb-buttons__outer-wrap uagb-btn__default-btn uagb-btn-tablet__default-btn uagb-btn-mobile__default-btn uagb-block-20f94bc4\"><div class=\"uagb-buttons__wrap uagb-buttons-layout-wrap \">\n<div class=\"wp-block-uagb-buttons-child uagb-buttons__outer-wrap uagb-block-5ba1b73e wp-block-button is-style-outline\"><div class=\"uagb-button__wrapper\"><a class=\"uagb-buttons-repeater wp-block-button__link\" aria-label=\"\" href=\"https:\/\/ppqprecision.com\/lien-he\/\" rel=\"follow noopener\" target=\"_self\"><div class=\"uagb-button__link\"><a href=\"https:\/\/ppqprecision.com\/contact-us\/\"><strong>Li\u00ean h\u1ec7 b\u00e1o gi\u00e1<\/strong><\/a><\/div><\/a><\/div><\/div>\n<\/div><\/div>\n","protected":false},"excerpt":{"rendered":"<p>Gi\u01a1\u0301i thi\u00ea\u0323u v\u00ea\u0300 c\u00f4ng ty TNHH C\u01a1 Kh\u00ed Ch\u00ednh X\u00e1c PPQ V\u1ec1 ch\u00fang t\u00f4i C\u00f4ng ty TNHH C\u01a1 Kh\u00ed Ch\u00ednh X\u00e1c PPQ l\u00e0 m\u1ed9t trong nh\u1eefng c\u00f4ng ty c\u01a1 kh\u00ed h\u00e0ng \u0111\u1ea7u t\u1ea1i B\u00ecnh D\u01b0\u01a1ng, Vi\u1ec7t Nam. V\u1edbi tr\u1ee5 s\u1edf ch\u00ednh \u0111\u1eb7t t\u1ea1i&nbsp;119 Tr\u1ea7n V\u0103n \u01a0n, \u0110\u00f4ng H\u00f2a, D\u0129 An, B\u00ecnh D\u01b0\u01a1ng, Vi\u1ec7t Nam&nbsp;v\u00e0 c\u00f3&#8230; <\/p>\n<div class=\"clear\"><\/div>\n<p><a href=\"https:\/\/ppqprecision.com\/en\/about-us\/\" class=\"excerpt-read-more\">Learn More<i class=\"fa fa-angle-double-right icon-double-angle-right\"><\/i><\/a><\/p>\n","protected":false},"author":3,"featured_media":0,"parent":0,"menu_order":0,"comment_status":"closed","ping_status":"closed","template":"","meta":{"om_disable_all_campaigns":false,"_uag_custom_page_level_css":"","_monsterinsights_skip_tracking":false,"_monsterinsights_sitenote_active":false,"_monsterinsights_sitenote_note":"","_monsterinsights_sitenote_category":0,"footnotes":""},"class_list":["post-54555","page","type-page","status-publish","hentry"],"aioseo_notices":[],"uagb_featured_image_src":{"full":false,"thumbnail":false,"medium":false,"medium_large":false,"large":false,"1536x1536":false,"2048x2048":false,"post-thumbnail-size":false,"round-personnel-size":false,"small-grid-size":false,"portrait":false,"post-slider-side":false,"full-slider":false,"portfolio-portrait":false,"blog-grid":false,"single-port-full":false},"uagb_author_info":{"display_name":"PPQ Mechanical","author_link":"https:\/\/ppqprecision.com\/en\/author\/ppqmechanical\/"},"uagb_comment_info":0,"uagb_excerpt":"Gi\u01a1\u0301i thi\u00ea\u0323u v\u00ea\u0300 c\u00f4ng ty TNHH C\u01a1 Kh\u00ed Ch\u00ednh X\u00e1c PPQ V\u1ec1 ch\u00fang t\u00f4i C\u00f4ng ty TNHH C\u01a1 Kh\u00ed Ch\u00ednh X\u00e1c PPQ l\u00e0 m\u1ed9t trong nh\u1eefng c\u00f4ng ty c\u01a1 kh\u00ed h\u00e0ng \u0111\u1ea7u t\u1ea1i B\u00ecnh D\u01b0\u01a1ng, Vi\u1ec7t Nam. V\u1edbi tr\u1ee5 s\u1edf ch\u00ednh \u0111\u1eb7t t\u1ea1i&nbsp;119 Tr\u1ea7n V\u0103n \u01a0n, \u0110\u00f4ng H\u00f2a, D\u0129 An, B\u00ecnh D\u01b0\u01a1ng, Vi\u1ec7t Nam&nbsp;v\u00e0 c\u00f3...&hellip;","_links":{"self":[{"href":"https:\/\/ppqprecision.com\/en\/wp-json\/wp\/v2\/pages\/54555","targetHints":{"allow":["GET"]}}],"collection":[{"href":"https:\/\/ppqprecision.com\/en\/wp-json\/wp\/v2\/pages"}],"about":[{"href":"https:\/\/ppqprecision.com\/en\/wp-json\/wp\/v2\/types\/page"}],"author":[{"embeddable":true,"href":"https:\/\/ppqprecision.com\/en\/wp-json\/wp\/v2\/users\/3"}],"replies":[{"embeddable":true,"href":"https:\/\/ppqprecision.com\/en\/wp-json\/wp\/v2\/comments?post=54555"}],"version-history":[{"count":10,"href":"https:\/\/ppqprecision.com\/en\/wp-json\/wp\/v2\/pages\/54555\/revisions"}],"predecessor-version":[{"id":57971,"href":"https:\/\/ppqprecision.com\/en\/wp-json\/wp\/v2\/pages\/54555\/revisions\/57971"}],"wp:attachment":[{"href":"https:\/\/ppqprecision.com\/en\/wp-json\/wp\/v2\/media?parent=54555"}],"curies":[{"name":"wp","href":"https:\/\/api.w.org\/{rel}","templated":true}]}}