{"id":55453,"date":"2023-02-23T04:54:38","date_gmt":"2023-02-23T04:54:38","guid":{"rendered":"https:\/\/ppqprecision.com\/lien-he%cc%a3\/"},"modified":"2024-04-13T13:03:03","modified_gmt":"2024-04-13T13:03:03","slug":"contact-us","status":"publish","type":"page","link":"https:\/\/ppqprecision.com\/en\/contact-us\/","title":{"rendered":"Contact Us"},"content":{"rendered":"\n<div class=\"wp-block-uagb-image aligncenter uagb-block-cb030012 wp-block-uagb-image--layout-default wp-block-uagb-image--effect-static wp-block-uagb-image--align-center\"><figure class=\"wp-block-uagb-image__figure\"><img decoding=\"async\" srcset=\"https:\/\/ppqprecision.com\/wp-content\/uploads\/2023\/03\/contact-us.jpg \" src=\"https:\/\/ppqprecision.com\/wp-content\/uploads\/2023\/03\/contact-us.jpg\" alt=\"Li\u00ean h\u00ea\u0323 C\u01a1 Kh\u00ed Ch\u00ednh X\u00e1c PPQ Precision\" class=\"uag-image-55369\" width=\"2377\" height=\"547\" title=\"\" loading=\"lazy\"\/><\/figure><\/div>\n","protected":false},"excerpt":{"rendered":"","protected":false},"author":3,"featured_media":0,"parent":0,"menu_order":0,"comment_status":"closed","ping_status":"closed","template":"","meta":{"om_disable_all_campaigns":false,"_uag_custom_page_level_css":"","_monsterinsights_skip_tracking":false,"_monsterinsights_sitenote_active":false,"_monsterinsights_sitenote_note":"","_monsterinsights_sitenote_category":0,"footnotes":""},"class_list":["post-55453","page","type-page","status-publish","hentry"],"aioseo_notices":[],"uagb_featured_image_src":{"full":false,"thumbnail":false,"medium":false,"medium_large":false,"large":false,"1536x1536":false,"2048x2048":false,"post-thumbnail-size":false,"round-personnel-size":false,"small-grid-size":false,"portrait":false,"post-slider-side":false,"full-slider":false,"portfolio-portrait":false,"blog-grid":false,"single-port-full":false},"uagb_author_info":{"display_name":"PPQ Mechanical","author_link":"https:\/\/ppqprecision.com\/en\/author\/ppqmechanical\/"},"uagb_comment_info":0,"uagb_excerpt":null,"_links":{"self":[{"href":"https:\/\/ppqprecision.com\/en\/wp-json\/wp\/v2\/pages\/55453","targetHints":{"allow":["GET"]}}],"collection":[{"href":"https:\/\/ppqprecision.com\/en\/wp-json\/wp\/v2\/pages"}],"about":[{"href":"https:\/\/ppqprecision.com\/en\/wp-json\/wp\/v2\/types\/page"}],"author":[{"embeddable":true,"href":"https:\/\/ppqprecision.com\/en\/wp-json\/wp\/v2\/users\/3"}],"replies":[{"embeddable":true,"href":"https:\/\/ppqprecision.com\/en\/wp-json\/wp\/v2\/comments?post=55453"}],"version-history":[{"count":3,"href":"https:\/\/ppqprecision.com\/en\/wp-json\/wp\/v2\/pages\/55453\/revisions"}],"predecessor-version":[{"id":57874,"href":"https:\/\/ppqprecision.com\/en\/wp-json\/wp\/v2\/pages\/55453\/revisions\/57874"}],"wp:attachment":[{"href":"https:\/\/ppqprecision.com\/en\/wp-json\/wp\/v2\/media?parent=55453"}],"curies":[{"name":"wp","href":"https:\/\/api.w.org\/{rel}","templated":true}]}}