{"id":55459,"date":"2015-02-26T10:10:03","date_gmt":"2015-02-26T10:10:03","guid":{"rendered":"https:\/\/ppqprecision.com\/trang-chu%cc%89\/"},"modified":"2026-04-14T06:34:25","modified_gmt":"2026-04-14T06:34:25","slug":"home","status":"publish","type":"page","link":"https:\/\/ppqprecision.com\/en\/","title":{"rendered":"Trang chu\u0309"},"content":{"rendered":"\n<div class=\"wp-block-media-text alignwide has-media-on-the-right is-stacked-on-mobile has-very-light-gray-to-cyan-bluish-gray-gradient-background has-background\" style=\"grid-template-columns:auto 45%\"><div class=\"wp-block-media-text__content\">\n<h1 class=\"wp-block-heading\"><strong>Welcome to PPQ Precision<\/strong><\/h1>\n\n\n\n<p><strong>PPQ Precision Mechanical Co., Ltd.<\/strong> is a leading precision machining company based in Binh Duong, Vietnam. With over 10 years of experience, we specialize in high-quality CNC programming, milling, and turning services.<\/p>\n\n\n\n<p>Headquartered in Di An City, we serve a wide range of clients both domestically and internationally across industries such as precision engineering, aerospace, and medical equipment.<\/p>\n\n\n\n<p><a href=\"https:\/\/ppqprecision.com\/en\/about-ppq\/\" rel=\"nofollow\" title=\"\"><strong>See more about us \u203a<\/strong><\/a><\/p>\n<\/div><figure class=\"wp-block-media-text__media\"><img fetchpriority=\"high\" decoding=\"async\" width=\"1024\" height=\"683\" src=\"https:\/\/ppqprecision.com\/wp-content\/uploads\/2026\/04\/ppq-1024x683.jpg\" alt=\"\" class=\"wp-image-58070 size-full\" srcset=\"https:\/\/ppqprecision.com\/wp-content\/uploads\/2026\/04\/ppq-1024x683.jpg 1024w, https:\/\/ppqprecision.com\/wp-content\/uploads\/2026\/04\/ppq-300x200.jpg 300w, https:\/\/ppqprecision.com\/wp-content\/uploads\/2026\/04\/ppq-768x512.jpg 768w, https:\/\/ppqprecision.com\/wp-content\/uploads\/2026\/04\/ppq.jpg 1264w\" sizes=\"(max-width: 1024px) 100vw, 1024px\" \/><\/figure><\/div>\n\n\n\n<div style=\"height:30px\" aria-hidden=\"true\" class=\"wp-block-spacer\"><\/div>\n\n\n\n<div class=\"wp-block-media-text alignwide has-media-on-the-right is-stacked-on-mobile\" style=\"grid-template-columns:auto 45%\"><div class=\"wp-block-media-text__content\">\n<h3 class=\"wp-block-heading has-text-align-left\">Our history<\/h3>\n\n\n\n<p class=\"has-black-color has-text-color\">PPQ Precision began as a specialized provider of CNC design and programming services, supporting both 3-axis and 5-axis machining systems. During our early stages, we collaborated with leading aerospace and precision manufacturing companies from the United States and Japan, building a strong foundation of technical expertise and industry experience.<\/p>\n\n\n\n<p>Through years of working closely with international partners, we gradually expanded our capabilities beyond design and programming. By consistently delivering reliable and high-quality solutions, we earned the trust of our clients and transitioned into providing full CNC machining services for the products we design.<\/p>\n\n\n\n<p class=\"has-black-color has-text-color\">Building on this solid foundation, PPQ Precision Mechanical Co., Ltd. was officially established in May 2019 as a dedicated CNC machining company, marking a significant milestone in our growth and long-term development.<\/p>\n<\/div><figure class=\"wp-block-media-text__media\"><img decoding=\"async\" width=\"550\" height=\"380\" src=\"https:\/\/ppqprecision.com\/wp-content\/uploads\/2023\/03\/lap-trinh-cnc.png\" alt=\"lap-trinh-cnc\" class=\"wp-image-55987 size-full\" srcset=\"https:\/\/ppqprecision.com\/wp-content\/uploads\/2023\/03\/lap-trinh-cnc.png 550w, https:\/\/ppqprecision.com\/wp-content\/uploads\/2023\/03\/lap-trinh-cnc-300x207.png 300w\" sizes=\"(max-width: 550px) 100vw, 550px\" \/><\/figure><\/div>\n\n\n\n<p><\/p>\n","protected":false},"excerpt":{"rendered":"<p>PQ Precision chuy\u00ean cung c\u1ea5p d\u1ecbch v\u1ee5 gia c\u00f4ng c\u01a1 kh\u00ed ch\u00ednh x\u00e1c CNC uy t\u00edn tr\u1ecdn g\u00f3i t\u1eeb A-Z, bao g\u1ed3m: gia c\u00f4ng phay CNC, gia c\u00f4ng ti\u1ec7n CNC, gia c\u00f4ng c\u1eaft CNC<\/p>\n","protected":false},"author":3,"featured_media":0,"parent":0,"menu_order":1,"comment_status":"closed","ping_status":"closed","template":"","meta":{"om_disable_all_campaigns":false,"_uag_custom_page_level_css":"","_monsterinsights_skip_tracking":false,"_monsterinsights_sitenote_active":false,"_monsterinsights_sitenote_note":"","_monsterinsights_sitenote_category":0,"footnotes":""},"class_list":["post-55459","page","type-page","status-publish","hentry"],"aioseo_notices":[],"uagb_featured_image_src":{"full":false,"thumbnail":false,"medium":false,"medium_large":false,"large":false,"1536x1536":false,"2048x2048":false,"post-thumbnail-size":false,"round-personnel-size":false,"small-grid-size":false,"portrait":false,"post-slider-side":false,"full-slider":false,"portfolio-portrait":false,"blog-grid":false,"single-port-full":false},"uagb_author_info":{"display_name":"PPQ Mechanical","author_link":"https:\/\/ppqprecision.com\/en\/author\/ppqmechanical\/"},"uagb_comment_info":0,"uagb_excerpt":"PQ Precision chuy\u00ean cung c\u1ea5p d\u1ecbch v\u1ee5 gia c\u00f4ng c\u01a1 kh\u00ed ch\u00ednh x\u00e1c CNC uy t\u00edn tr\u1ecdn g\u00f3i t\u1eeb A-Z, bao g\u1ed3m: gia c\u00f4ng phay CNC, gia c\u00f4ng ti\u1ec7n CNC, gia c\u00f4ng c\u1eaft CNC","_links":{"self":[{"href":"https:\/\/ppqprecision.com\/en\/wp-json\/wp\/v2\/pages\/55459","targetHints":{"allow":["GET"]}}],"collection":[{"href":"https:\/\/ppqprecision.com\/en\/wp-json\/wp\/v2\/pages"}],"about":[{"href":"https:\/\/ppqprecision.com\/en\/wp-json\/wp\/v2\/types\/page"}],"author":[{"embeddable":true,"href":"https:\/\/ppqprecision.com\/en\/wp-json\/wp\/v2\/users\/3"}],"replies":[{"embeddable":true,"href":"https:\/\/ppqprecision.com\/en\/wp-json\/wp\/v2\/comments?post=55459"}],"version-history":[{"count":10,"href":"https:\/\/ppqprecision.com\/en\/wp-json\/wp\/v2\/pages\/55459\/revisions"}],"predecessor-version":[{"id":58092,"href":"https:\/\/ppqprecision.com\/en\/wp-json\/wp\/v2\/pages\/55459\/revisions\/58092"}],"wp:attachment":[{"href":"https:\/\/ppqprecision.com\/en\/wp-json\/wp\/v2\/media?parent=55459"}],"curies":[{"name":"wp","href":"https:\/\/api.w.org\/{rel}","templated":true}]}}