{"id":55464,"date":"2019-08-18T04:59:19","date_gmt":"2019-08-18T04:59:19","guid":{"rendered":"https:\/\/ppqprecision.com\/gia-cong-tien-cnc\/"},"modified":"2024-04-13T13:02:14","modified_gmt":"2024-04-13T13:02:14","slug":"cnc-turning-machining","status":"publish","type":"page","link":"https:\/\/ppqprecision.com\/en\/cnc-turning-machining\/","title":{"rendered":"CNC Turning Machining"},"content":{"rendered":"\n<h2 class=\"wp-block-heading\"><strong>CNC turning machining service at PPQ Precision Mechanical Co., Ltd<\/strong><\/h2>\n\n\n\n<div class=\"wp-block-media-text alignwide has-media-on-the-right is-stacked-on-mobile has-black-color has-very-light-gray-to-cyan-bluish-gray-gradient-background has-text-color has-background\"><div class=\"wp-block-media-text__content\">\n<p><strong>PPQ Precision Mechanical Co., Ltd <\/strong>specializes in CNC turning machine parts with complexity and customization according to customer requirements. Currently, we are equipped with many modern CNC lathes imported from Moriseiki (Japan).<\/p>\n\n\n\n<p>The current CNC lathe system can meet the needs of machining mechanical parts in the range of 500&#215;1050 mm. The accuracy can reach \u00b1 0.005 mm, and the surface roughness is very good.<\/p>\n\n\n\n<p><strong>PPQ Precision Mechanical Co., Ltd<\/strong> CNC lathes can process a variety of geometrically shaped parts, such as round shafts, discs and cones, and other rotating parts. We can also surface CNC turning parts from the inside to the outside, threading, grooving and drilling.<\/p>\n<\/div><figure class=\"wp-block-media-text__media\"><img loading=\"lazy\" decoding=\"async\" width=\"700\" height=\"450\" src=\"https:\/\/ppqprecision.com\/wp-content\/uploads\/2023\/03\/gia-cong-tien-cnc-700x450.jpeg\" alt=\"CNC turning machining\" class=\"wp-image-55005 size-blog-grid\"\/><\/figure><\/div>\n\n\n\n<div style=\"height:30px\" aria-hidden=\"true\" class=\"wp-block-spacer\"><\/div>\n\n\n\n<p>We specialize in CNC turning machine parts for US customers, mainly related to parts\u2026of the aerospace industry. However, with a modern CNC lathe system and a team of highly skilled CNC programmers, we are confident that we can meet almost all of your CNC turning needs that require the most stringent technical requirements. ..<\/p>\n\n\n\n<p>Therefore, when you need to process turning in large quantities and with high precision, please contact us immediately.<\/p>\n\n\n\n<h2 class=\"wp-block-heading\"><strong>CNC turning processing capacity<\/strong><\/h2>\n\n\n\n<p>PPQ Precision Mechanical Co., Ltd currently owns 05 Japanese CNC lathes of Moriseiki brand. This is the most modern CNC lathe on the market today.<\/p>\n\n\n<div class=\"xscontainer\" id=\"xscontainer_2\"><div class=\"wptableeditor_2\"><table class=\"stripe xs-w-100 xs-b-spacing xs-m-bottom\" id=\"wptableeditor_2\"><thead class=\"wptableeditor_2_thead\"><\/thead><tbody class=\"wptableeditor_2_tbody\"><\/tbody><\/table><\/div><\/div>\r\n\t\t\t\t<div class=\"modal-xs\">\r\n\t\t\t\t\t<div id=\"imagesModal\" class=\"modal fade\">\r\n\t\t\t\t\t  \t<div class=\"modal-dialog modal-dialog-scrollable\" style=\"max-width: 500px !important\">\r\n\t\t\t\t\t    \t\r\n\t\t\t\t\t      \t\t<div class=\"modal-content\">\r\n\t\t\t\t\t        \t\t<div class=\"modal-header\">\r\n\t\t\t\t\t          \t\t\t<h5 class=\"modal-title\" id=\"modal_title\" style=\"font-size: 17px;margin-bottom: 0\"><\/h5>\r\n\t\t\t\t\t          \t\t\t<span id=\"btn_close\"><\/span>\r\n\t\t\t\t\t        \t\t<\/div>\r\n\t\t\t\t\t        \t\t<div class=\"modal-body\">\r\n\t\t\t\t\t        \t\t\t<div id=\"image_views_wpte\"><\/Div>\r\n\t\t\t\t\t        \t\t<\/div>\r\n\t\t\t\t\t      \t\t<\/div>\r\n\t\t\t\t\t    \t\r\n\t\t\t\t\t  \t<\/div>\r\n\t\t\t\t\t<\/div>\r\n\t\t\t\t<\/div>\n\n\n\n<h2 class=\"wp-block-heading\"><strong>CNC turning machining materials<\/strong><\/h2>\n\n\n\n<p>PPQ Precision Mechanical Co., Ltd is committed to using materials purchased from reputable partners with import certificates and material certificates (CO-CQ).<\/p>\n\n\n\n<p>We are capable of supplying the following material lines: aluminum, stainless steel, steel, copper\u2026.<\/p>\n\n\n\n<h2 class=\"wp-block-heading\"><strong>Surface roughness standard<\/strong><\/h2>\n\n\n\n<p>We provide finishing machining services of machine parts such as: changing part surface, machining to increase surface roughness, hardness and chemical resistance of manufactured parts.<\/p>\n\n\n\n<p>Thereby, we guarantee that the surface roughness of the processed parts will meet your requirements. We would like to note that we have more than 10 years of experience meeting the surface roughness requirements of American aerospace parts and Japanese medical equipment parts.<\/p>\n\n\n<div class=\"wp-block-image\">\n<figure class=\"aligncenter size-full\"><img loading=\"lazy\" decoding=\"async\" width=\"580\" height=\"483\" src=\"https:\/\/ppqprecision.com\/wp-content\/uploads\/2019\/08\/gai-cong-be-mat-hoan-thien-cnc.jpg\" alt=\"gia-cong-be-mat-hoan-thien-cnc\" class=\"wp-image-4245\" srcset=\"https:\/\/ppqprecision.com\/wp-content\/uploads\/2019\/08\/gai-cong-be-mat-hoan-thien-cnc.jpg 580w, https:\/\/ppqprecision.com\/wp-content\/uploads\/2019\/08\/gai-cong-be-mat-hoan-thien-cnc-300x250.jpg 300w\" sizes=\"auto, (max-width: 580px) 100vw, 580px\" \/><figcaption class=\"wp-element-caption\"><strong>Gia c\u00f4ng b\u1ec1 m\u1eb7t chi ti\u1ebft c\u01a1 kh\u00ed ch\u00ednh x\u00e1c<\/strong><\/figcaption><\/figure><\/div>\n\n\n<h2 class=\"wp-block-heading\"><strong>Strengths of CNC turning machining service at PPQ Precision Mechanical Co., Ltd<\/strong><\/h2>\n\n\n\n<ul class=\"wp-block-list\">\n<li>The modern CNC lathe system helps us to shorten the processing time thanks to the lathe system with high speed and large cutting force. High precision meets the most stringent requirements of complex parts<\/li>\n\n\n\n<li>Its stability is great. Parts are interchangeable in the same batch<\/li>\n\n\n\n<li>Possessing more than 10 years of CNC programming experience helps us to have a large CNC turning database. This helps your CNC turning orders be processed quickly and efficiently.<\/li>\n<\/ul>\n\n\n\n<div class=\"wp-block-uagb-marketing-button uagb-marketing-btn__align-center uagb-marketing-btn__align-text-center uagb-marketing-btn__icon-after uagb-block-de031358 wp-block-button\"><a href=\"https:\/\/ppqprecision.com\/anh-thanh-pham-cnc\/\" class=\"uagb-marketing-btn__link wp-block-button__link\" target=\"_blank\" rel=\"noopener noreferrer\"><span class=\"uagb-marketing-btn__title\">PICTURES OF SOME PRODUCTS<\/span><svg xmlns=\"https:\/\/www.w3.org\/2000\/svg\" viewBox=\"0 0 512 512\"><path d=\"M384 320c-17.67 0-32 14.33-32 32v96H64V160h96c17.67 0 32-14.32 32-32s-14.33-32-32-32L64 96c-35.35 0-64 28.65-64 64V448c0 35.34 28.65 64 64 64h288c35.35 0 64-28.66 64-64v-96C416 334.3 401.7 320 384 320zM488 0H352c-12.94 0-24.62 7.797-29.56 19.75c-4.969 11.97-2.219 25.72 6.938 34.88L370.8 96L169.4 297.4c-12.5 12.5-12.5 32.75 0 45.25C175.6 348.9 183.8 352 192 352s16.38-3.125 22.62-9.375L416 141.3l41.38 41.38c9.156 9.141 22.88 11.84 34.88 6.938C504.2 184.6 512 172.9 512 160V24C512 10.74 501.3 0 488 0z\"><\/path><\/svg><p class=\"uagb-marketing-btn__prefix\"><\/p><\/a><\/div>\n\n\n\n<div style=\"height:30px\" aria-hidden=\"true\" class=\"wp-block-spacer\"><\/div>\n\n\n\n<p><strong><em>Please contact our technical department immediately for the best advice and CNC machining. Within 24 hours of receiving your design file, we will provide technical advice and quotation for CNC turning with reasonable price and top quality.<\/em><\/strong><\/p>\n\n\n\n<p><\/p>\n","protected":false},"excerpt":{"rendered":"<p>PPQ Precision cung c\u1ea5p d\u1ecbch v\u1ee5 gia c\u00f4ng ti\u1ec7n CNC c\u00e1c chi ti\u1ebft m\u00e1y c\u00f3 \u0111\u1ed9 ph\u1ee9c t\u1ea1p v\u00e0 t\u00f9y ch\u1ec9nh theo y\u00eau c\u1ea7u c\u1ee7a kh\u00e1ch l\u1edbn t\u1eeb M\u1ef9 v\u00e0 Nh\u1eadt, v\u1edbi \u0111\u1ed9 ch\u00ednh x\u00e1c dung sai +\/-.005mm. Hi\u1ec7n t\u1ea1i, ch\u00fang t\u00f4i trang b\u1ecb 05 m\u00e1y ti\u1ec7n CNC hi\u1ec7n \u0111\u1ea1i c\u1ee7a h\u00e3ng Mori Seiki (Nh\u1eadt).<\/p>\n","protected":false},"author":3,"featured_media":0,"parent":0,"menu_order":0,"comment_status":"closed","ping_status":"closed","template":"","meta":{"om_disable_all_campaigns":false,"_uag_custom_page_level_css":"","_monsterinsights_skip_tracking":false,"_monsterinsights_sitenote_active":false,"_monsterinsights_sitenote_note":"","_monsterinsights_sitenote_category":0,"footnotes":""},"class_list":["post-55464","page","type-page","status-publish","hentry"],"aioseo_notices":[],"uagb_featured_image_src":{"full":false,"thumbnail":false,"medium":false,"medium_large":false,"large":false,"1536x1536":false,"2048x2048":false,"post-thumbnail-size":false,"round-personnel-size":false,"small-grid-size":false,"portrait":false,"post-slider-side":false,"full-slider":false,"portfolio-portrait":false,"blog-grid":false,"single-port-full":false},"uagb_author_info":{"display_name":"PPQ Mechanical","author_link":"https:\/\/ppqprecision.com\/en\/author\/ppqmechanical\/"},"uagb_comment_info":0,"uagb_excerpt":"PPQ Precision cung c\u1ea5p d\u1ecbch v\u1ee5 gia c\u00f4ng ti\u1ec7n CNC c\u00e1c chi ti\u1ebft m\u00e1y c\u00f3 \u0111\u1ed9 ph\u1ee9c t\u1ea1p v\u00e0 t\u00f9y ch\u1ec9nh theo y\u00eau c\u1ea7u c\u1ee7a kh\u00e1ch l\u1edbn t\u1eeb M\u1ef9 v\u00e0 Nh\u1eadt, v\u1edbi \u0111\u1ed9 ch\u00ednh x\u00e1c dung sai +\/-.005mm. Hi\u1ec7n t\u1ea1i, ch\u00fang t\u00f4i trang b\u1ecb 05 m\u00e1y ti\u1ec7n CNC hi\u1ec7n \u0111\u1ea1i c\u1ee7a h\u00e3ng Mori Seiki (Nh\u1eadt).","_links":{"self":[{"href":"https:\/\/ppqprecision.com\/en\/wp-json\/wp\/v2\/pages\/55464","targetHints":{"allow":["GET"]}}],"collection":[{"href":"https:\/\/ppqprecision.com\/en\/wp-json\/wp\/v2\/pages"}],"about":[{"href":"https:\/\/ppqprecision.com\/en\/wp-json\/wp\/v2\/types\/page"}],"author":[{"embeddable":true,"href":"https:\/\/ppqprecision.com\/en\/wp-json\/wp\/v2\/users\/3"}],"replies":[{"embeddable":true,"href":"https:\/\/ppqprecision.com\/en\/wp-json\/wp\/v2\/comments?post=55464"}],"version-history":[{"count":1,"href":"https:\/\/ppqprecision.com\/en\/wp-json\/wp\/v2\/pages\/55464\/revisions"}],"predecessor-version":[{"id":57582,"href":"https:\/\/ppqprecision.com\/en\/wp-json\/wp\/v2\/pages\/55464\/revisions\/57582"}],"wp:attachment":[{"href":"https:\/\/ppqprecision.com\/en\/wp-json\/wp\/v2\/media?parent=55464"}],"curies":[{"name":"wp","href":"https:\/\/api.w.org\/{rel}","templated":true}]}}