{"id":55649,"date":"2019-08-17T13:32:12","date_gmt":"2019-08-17T13:32:12","guid":{"rendered":"https:\/\/ppqprecision.com\/gia-cong-phay-cnc\/"},"modified":"2024-04-13T13:12:33","modified_gmt":"2024-04-13T13:12:33","slug":"cnc-milling-machining","status":"publish","type":"page","link":"https:\/\/ppqprecision.com\/en\/cnc-milling-machining\/","title":{"rendered":"CNC Milling Machining"},"content":{"rendered":"\n<h2 class=\"wp-block-heading\"><strong>CNC milling machining service at PPQ Precision Mechanical Co., Ltd<\/strong><\/h2>\n\n\n\n<div class=\"wp-block-media-text alignwide has-media-on-the-right is-stacked-on-mobile has-very-light-gray-to-cyan-bluish-gray-gradient-background has-background\"><div class=\"wp-block-media-text__content\">\n<p><em><strong>PPQ Precision Mechanical Co., Ltd<\/strong> specializes in providing CNC milling services from prototyping to finished products. Our CNC milling workshop includes 3-axis CNC milling machines, 4-axis CNC milling machines and 5-axis milling machines. Based on your CAD design, we will advise you to choose the type of CNC milling machine to create quality products and the most reasonable price.<\/em><\/p>\n\n\n\n<p><\/p>\n\n\n\n<p><em>Our CNC milling supervisory process will ensure accuracy and quality that meets all of our customers&#8217; most stringent needs. We specialize in CNC machining for partners from the US and Japan and mainly parts used in the aviation and medical equipment industries. Therefore, the accuracy and quality of CNC machining are always the top criteria.<\/em><\/p>\n<\/div><figure class=\"wp-block-media-text__media\"><img loading=\"lazy\" decoding=\"async\" width=\"1024\" height=\"683\" src=\"https:\/\/ppqprecision.com\/wp-content\/uploads\/2023\/03\/gia-cong-phay-cnc-1024x683.jpg\" alt=\"CNC Milling Machining\" class=\"wp-image-55065 size-full\" srcset=\"https:\/\/ppqprecision.com\/wp-content\/uploads\/2023\/03\/gia-cong-phay-cnc-1024x683.jpg 1024w, https:\/\/ppqprecision.com\/wp-content\/uploads\/2023\/03\/gia-cong-phay-cnc-300x200.jpg 300w, https:\/\/ppqprecision.com\/wp-content\/uploads\/2023\/03\/gia-cong-phay-cnc-768x512.jpg 768w, https:\/\/ppqprecision.com\/wp-content\/uploads\/2023\/03\/gia-cong-phay-cnc-600x400.jpg 600w, https:\/\/ppqprecision.com\/wp-content\/uploads\/2023\/03\/gia-cong-phay-cnc.jpg 1439w\" sizes=\"auto, (max-width: 1024px) 100vw, 1024px\" \/><\/figure><\/div>\n\n\n\n<h2 class=\"wp-block-heading\"><strong>PPQ Precision Mechanical Co., Ltd makes a difference when receiving CNC milling<\/strong><\/h2>\n\n\n\n<p>PPQ Precision Mechanical Co., Ltd provides prestigious CNC milling services, flexibly adapting to all customer needs.<\/p>\n\n\n\n<p>We can process machine parts with complex contours and control difficult dimensions. PPQ Precision Mechanical Co., Ltd has high processing efficiency and short production cycle. PPQ Precision Mechanical Co., Ltd can complete multi-step processing in one clamping position.<\/p>\n\n\n\n<p>PPQ Precision Mechanical Co., Ltd&#8217;s CNC milling machine has high automation, high material use and low cost.<\/p>\n\n\n\n<p>The machine of PPQ Precision Mechanical Co., Ltd has high processing precision, stable and reliable quality control.<\/p>\n\n\n\n<h2 class=\"wp-block-heading\"><strong>PPQ Precision Mechanical Co., Ltd provides the leading prestigious CNC milling service in Vietnam:<\/strong><\/h2>\n\n\n\n<p>PPQ Precision Mechanical Co., Ltd specializes in high precision custom milling parts. The processing workshop is equipped with 05 CNC milling machines, capable of accurately milling parts with dimensions within 800x450x650 mm. Our machining service reaches tolerances of \u00b1 0.005mm and surface roughness can be very fine, up to Ra 0.8.<\/p>\n\n\n\n<p>PPQ Precision Mechanical Co., Ltd can handle most flat parts and some meniscus parts. Over the years, PPQ Precision Mechanical Co., Ltd has handled many types of milling parts, including housings, frames, plates, end caps, spindle bars, and more.<\/p>\n\n\n\n<p>Inspection report included in each order. Full inspection report upon request.<\/p>\n\n\n\n<p>Material certification and test reports are available upon request.<\/p>\n\n\n\n<p>Strict NDA agreement with all outsourcing partners.<\/p>\n\n\n\n<p>In addition to the quality certifications, we also manage the CNC machining process strictly to provide a reputable CNC milling solution.<\/p>\n\n\n\n<h2 class=\"wp-block-heading\"><strong>The CNC milling capabilities of PPQ Precision Mechanical Co., Ltd<\/strong><\/h2>\n\n\n\n<p>Our CNC milling machines are imported and are all modern machines of the famous Makino Seiki and Mori Seiki mechanical processing machine manufacturers in Japan and the American Okuma CNC machine manufacturer.<\/p>\n\n\n\n<p>Our precision mechanical processing factory is equipped with 05 CNC milling machines.<\/p>\n\n\n<div class=\"xscontainer\" id=\"xscontainer_3\"><div class=\"wptableeditor_3\"><table class=\"stripe xs-w-100 xs-b-spacing xs-m-bottom\" id=\"wptableeditor_3\"><thead class=\"wptableeditor_3_thead\"><\/thead><tbody class=\"wptableeditor_3_tbody\"><\/tbody><\/table><\/div><\/div>\r\n\t\t\t\t<div class=\"modal-xs\">\r\n\t\t\t\t\t<div id=\"imagesModal\" class=\"modal fade\">\r\n\t\t\t\t\t  \t<div class=\"modal-dialog modal-dialog-scrollable\" style=\"max-width: 500px !important\">\r\n\t\t\t\t\t    \t\r\n\t\t\t\t\t      \t\t<div class=\"modal-content\">\r\n\t\t\t\t\t        \t\t<div class=\"modal-header\">\r\n\t\t\t\t\t          \t\t\t<h5 class=\"modal-title\" id=\"modal_title\" style=\"font-size: 17px;margin-bottom: 0\"><\/h5>\r\n\t\t\t\t\t          \t\t\t<span id=\"btn_close\"><\/span>\r\n\t\t\t\t\t        \t\t<\/div>\r\n\t\t\t\t\t        \t\t<div class=\"modal-body\">\r\n\t\t\t\t\t        \t\t\t<div id=\"image_views_wpte\"><\/Div>\r\n\t\t\t\t\t        \t\t<\/div>\r\n\t\t\t\t\t      \t\t<\/div>\r\n\t\t\t\t\t    \t\r\n\t\t\t\t\t  \t<\/div>\r\n\t\t\t\t\t<\/div>\r\n\t\t\t\t<\/div>\n\n\n\n<p>The CNC milling process is carried out synchronously as announced on the process of providing precision mechanical machining services earlier in the introduction, specifically as follows:<\/p>\n\n\n\n<h2 class=\"wp-block-heading\"><strong>CNC milling techniques at PPQ Precision Mechanical Co., Ltd:<\/strong><\/h2>\n\n\n\n<h3 class=\"wp-block-heading\">&#8211; <strong>3 axis CNC milling and 4 axis CNC milling<\/strong><\/h3>\n\n\n\n<p>In order to optimize machining costs, we often give preference to 3-axis and 4-axis CNC milling machines for machine parts with simple geometry.<\/p>\n\n\n\n<h3 class=\"wp-block-heading\">&#8211; <strong>5 axis CNC milling<\/strong><\/h3>\n\n\n\n<p>5-axis CNC milling machines are used to manufacture parts with complex geometries and increase productivity by minimizing the number of machine setups.<\/p>\n\n\n\n<h3 class=\"wp-block-heading\">&#8211; <strong>Processing materials<\/strong><\/h3>\n\n\n\n<p>PPQ Precision Mechanical Co., Ltd is capable of processing CNC milling materials such as aluminum, stainless steel, steel and other metals. All materials used at PPQ Precision Mechanical Co., Ltd have a clear certificate of origin (CO-CQ).<\/p>\n\n\n\n<h3 class=\"wp-block-heading\">&#8211; <strong>Surface processing service<\/strong><\/h3>\n\n\n\n<p>After roughing with CNC milling technology, PPQ Precision Mechanical Co., Ltd also meets the needs of finishing the appearance of machine parts (bonded), in order to meet the surface roughness standards of the drawings:<\/p>\n\n\n\n<ul class=\"wp-block-list\">\n<li>Machine detail exterior<\/li>\n\n\n\n<li>Surface roughness of machine parts<\/li>\n\n\n\n<li>Machine detail hardness<\/li>\n\n\n\n<li>Chemical resistance of machine parts<\/li>\n<\/ul>\n\n\n\n<div class=\"wp-block-uagb-marketing-button uagb-marketing-btn__align-center uagb-marketing-btn__align-text-center uagb-marketing-btn__icon-after uagb-block-bf1fe8c2 wp-block-button\"><a href=\"https:\/\/ppqprecision.com\/en\/projects\/\" class=\"uagb-marketing-btn__link wp-block-button__link\" target=\"\" rel=\"noopener noreferrer\"><span class=\"uagb-marketing-btn__title\">PICTURES OF SOME PRODUCTS<\/span><svg xmlns=\"https:\/\/www.w3.org\/2000\/svg\" viewBox=\"0 0 512 512\"><path d=\"M384 320c-17.67 0-32 14.33-32 32v96H64V160h96c17.67 0 32-14.32 32-32s-14.33-32-32-32L64 96c-35.35 0-64 28.65-64 64V448c0 35.34 28.65 64 64 64h288c35.35 0 64-28.66 64-64v-96C416 334.3 401.7 320 384 320zM488 0H352c-12.94 0-24.62 7.797-29.56 19.75c-4.969 11.97-2.219 25.72 6.938 34.88L370.8 96L169.4 297.4c-12.5 12.5-12.5 32.75 0 45.25C175.6 348.9 183.8 352 192 352s16.38-3.125 22.62-9.375L416 141.3l41.38 41.38c9.156 9.141 22.88 11.84 34.88 6.938C504.2 184.6 512 172.9 512 160V24C512 10.74 501.3 0 488 0z\"><\/path><\/svg><p class=\"uagb-marketing-btn__prefix\"><\/p><\/a><\/div>\n\n\n\n<div style=\"height:20px\" aria-hidden=\"true\" class=\"wp-block-spacer\"><\/div>\n\n\n\n<p><strong><em>If you need CNC milling, please click download CAD file or paper drawing.<br>The technical team of PPQ Precision Mechanical Co., Ltd will receive and contact you for a quote within 24 hours.<\/em><\/strong><\/p>\n","protected":false},"excerpt":{"rendered":"<p>PPQ Precision cung c\u1ea5p d\u1ecbch v\u1ee5 gia c\u00f4ng phay CNC 3 tr\u1ee5c, 4 tr\u1ee5c v\u00e0 5 tr\u1ee5c c\u00e1c chi ti\u1ebft c\u01a1 kh\u00ed ph\u1ee9c t\u1ea1p v\u1edbi \u0111\u1ed9 ch\u00ednh x\u00e1c cao, \u0111\u00e1p \u1ee9ng y\u00eau c\u1ea7u nghi\u00eam ng\u1eb7t c\u1ee7a h\u00e3ng h\u00e0ng kh\u00f4ng v\u0169 tr\u1ee5 c\u1ee7a M\u1ef9.<\/p>\n","protected":false},"author":3,"featured_media":0,"parent":0,"menu_order":0,"comment_status":"closed","ping_status":"closed","template":"","meta":{"om_disable_all_campaigns":false,"_uag_custom_page_level_css":"","_monsterinsights_skip_tracking":false,"_monsterinsights_sitenote_active":false,"_monsterinsights_sitenote_note":"","_monsterinsights_sitenote_category":0,"footnotes":""},"class_list":["post-55649","page","type-page","status-publish","hentry"],"aioseo_notices":[],"uagb_featured_image_src":{"full":false,"thumbnail":false,"medium":false,"medium_large":false,"large":false,"1536x1536":false,"2048x2048":false,"post-thumbnail-size":false,"round-personnel-size":false,"small-grid-size":false,"portrait":false,"post-slider-side":false,"full-slider":false,"portfolio-portrait":false,"blog-grid":false,"single-port-full":false},"uagb_author_info":{"display_name":"PPQ Mechanical","author_link":"https:\/\/ppqprecision.com\/en\/author\/ppqmechanical\/"},"uagb_comment_info":0,"uagb_excerpt":"PPQ Precision cung c\u1ea5p d\u1ecbch v\u1ee5 gia c\u00f4ng phay CNC 3 tr\u1ee5c, 4 tr\u1ee5c v\u00e0 5 tr\u1ee5c c\u00e1c chi ti\u1ebft c\u01a1 kh\u00ed ph\u1ee9c t\u1ea1p v\u1edbi \u0111\u1ed9 ch\u00ednh x\u00e1c cao, \u0111\u00e1p \u1ee9ng y\u00eau c\u1ea7u nghi\u00eam ng\u1eb7t c\u1ee7a h\u00e3ng h\u00e0ng kh\u00f4ng v\u0169 tr\u1ee5 c\u1ee7a M\u1ef9.","_links":{"self":[{"href":"https:\/\/ppqprecision.com\/en\/wp-json\/wp\/v2\/pages\/55649","targetHints":{"allow":["GET"]}}],"collection":[{"href":"https:\/\/ppqprecision.com\/en\/wp-json\/wp\/v2\/pages"}],"about":[{"href":"https:\/\/ppqprecision.com\/en\/wp-json\/wp\/v2\/types\/page"}],"author":[{"embeddable":true,"href":"https:\/\/ppqprecision.com\/en\/wp-json\/wp\/v2\/users\/3"}],"replies":[{"embeddable":true,"href":"https:\/\/ppqprecision.com\/en\/wp-json\/wp\/v2\/comments?post=55649"}],"version-history":[{"count":2,"href":"https:\/\/ppqprecision.com\/en\/wp-json\/wp\/v2\/pages\/55649\/revisions"}],"predecessor-version":[{"id":57586,"href":"https:\/\/ppqprecision.com\/en\/wp-json\/wp\/v2\/pages\/55649\/revisions\/57586"}],"wp:attachment":[{"href":"https:\/\/ppqprecision.com\/en\/wp-json\/wp\/v2\/media?parent=55649"}],"curies":[{"name":"wp","href":"https:\/\/api.w.org\/{rel}","templated":true}]}}