{"id":55626,"date":"2019-08-18T04:59:19","date_gmt":"2019-08-18T04:59:19","guid":{"rendered":"https:\/\/ppqprecision.com\/gia-cong-tien-cnc-2\/"},"modified":"2024-04-13T13:20:00","modified_gmt":"2024-04-13T13:20:00","slug":"cnc%e6%97%8b%e7%9b%a4%e5%8a%a0%e5%b7%a5","status":"publish","type":"page","link":"https:\/\/ppqprecision.com\/ja\/cnc%e6%97%8b%e7%9b%a4%e5%8a%a0%e5%b7%a5\/","title":{"rendered":"CNC\u65cb\u76e4\u52a0\u5de5"},"content":{"rendered":"\n<h2 class=\"wp-block-heading\"><strong>PPQ Precision Mechanical Co.\u3001Ltd\u306eCNC\u65cb\u524a\u30b5\u30fc\u30d3\u30b9<\/strong><\/h2>\n\n\n\n<div class=\"wp-block-media-text alignwide has-media-on-the-right is-stacked-on-mobile has-very-light-gray-to-cyan-bluish-gray-gradient-background has-background\"><div class=\"wp-block-media-text__content\">\n<p><strong>PPQ Precision Mechanical Co., Ltd<\/strong> \u306f\u3001\u9867\u5ba2\u306e\u8981\u4ef6\u306b\u5fdc\u3058\u3066\u8907\u96d1\u3067\u30ab\u30b9\u30bf\u30de\u30a4\u30ba\u3055\u308c\u305f CNC \u65cb\u76e4\u90e8\u54c1\u3092\u5c02\u9580\u3068\u3057\u3066\u3044\u307e\u3059\u3002 \u73fe\u5728\u3001\u30e2\u30ea\u30bb\u30a4\u30ad\uff08\u65e5\u672c\uff09\u304b\u3089\u8f38\u5165\u3055\u308c\u305f\u591a\u304f\u306e\u6700\u65b0\u306eCNC\u65cb\u76e4\u304c\u88c5\u5099\u3055\u308c\u3066\u3044\u307e\u3059\u3002<\/p>\n\n\n\n<p>\u73fe\u5728\u306eCNC\u65cb\u76e4\u30b7\u30b9\u30c6\u30e0\u306f\u3001500&#215;1050 mm\u306e\u7bc4\u56f2\u306e\u6a5f\u68b0\u90e8\u54c1\u3092\u52a0\u5de5\u3059\u308b\u30cb\u30fc\u30ba\u3092\u6e80\u305f\u3059\u3053\u3068\u304c\u3067\u304d\u307e\u3059. \u7cbe\u5ea6\u306f\u00b10.005mm\u306b\u9054\u3057\u3001\u8868\u9762\u7c97\u3055\u306f\u975e\u5e38\u306b\u826f\u597d\u3067\u3059\u3002<\/p>\n\n\n\n<p>\u5f53\u793e\u306e CNC \u65cb\u76e4\u306f\u3001\u4e38\u30b7\u30e3\u30d5\u30c8\u3001\u30c7\u30a3\u30b9\u30af\u3001\u30b3\u30fc\u30f3\u3001\u305d\u306e\u4ed6\u306e\u56de\u8ee2\u90e8\u54c1\u306a\u3069\u3001\u3055\u307e\u3056\u307e\u306a\u5f62\u72b6\u306e\u90e8\u54c1\u3092\u52a0\u5de5\u3067\u304d\u307e\u3059\u3002 \u307e\u305f\u3001CNC \u65cb\u524a\u90e8\u54c1\u306e\u5185\u5074\u304b\u3089\u5916\u5074\u3078\u306e\u8868\u9762\u52a0\u5de5\u3001\u306d\u3058\u5207\u308a\u3001\u6e9d\u5207\u308a\u3001\u7a74\u3042\u3051\u3082\u53ef\u80fd\u3067\u3059\u3002<\/p>\n<\/div><figure class=\"wp-block-media-text__media\"><img fetchpriority=\"high\" decoding=\"async\" width=\"700\" height=\"450\" src=\"https:\/\/ppqprecision.com\/wp-content\/uploads\/2023\/03\/gia-cong-tien-cnc-700x450.jpeg\" alt=\"\u540d\u9580\u306eCNC\u65cb\u524a\u30b5\u30fc\u30d3\u30b9\" class=\"wp-image-55005 size-blog-grid\"\/><\/figure><\/div>\n\n\n\n<div style=\"height:30px\" aria-hidden=\"true\" class=\"wp-block-spacer\"><\/div>\n\n\n\n<p>\u79c1\u305f\u3061\u306f\u3001\u4e3b\u306b\u822a\u7a7a\u5b87\u5b99\u7523\u696d\u306e\u90e8\u54c1\u306b\u95a2\u9023\u3059\u308b\u3001\u7c73\u56fd\u306e\u9867\u5ba2\u5411\u3051\u306e\u65cb\u76e4\u90e8\u54c1\u3092\u5c02\u9580\u3068\u3057\u3066\u3044\u307e\u3059\u3002 \u3057\u304b\u3057\u3001\u6700\u65b0\u306e CNC \u65cb\u76e4\u30b7\u30b9\u30c6\u30e0\u3068\u9ad8\u5ea6\u306b\u719f\u7df4\u3057\u305f CNC \u30d7\u30ed\u30b0\u30e9\u30de\u30fc\u306e\u30c1\u30fc\u30e0\u306b\u3088\u308a\u3001\u6700\u3082\u53b3\u3057\u3044\u6280\u8853\u7684\u8981\u4ef6\u3092\u5fc5\u8981\u3068\u3059\u308b\u304a\u5ba2\u69d8\u306e CNC \u65cb\u524a\u306e\u30cb\u30fc\u30ba\u306e\u307b\u307c\u3059\u3079\u3066\u3092\u6e80\u305f\u3059\u3053\u3068\u304c\u3067\u304d\u308b\u3068\u78ba\u4fe1\u3057\u3066\u3044\u307e\u3059\u3002<\/p>\n\n\n\n<p>\u305d\u306e\u305f\u3081\u3001\u5927\u91cf\u304b\u3064\u9ad8\u7cbe\u5ea6\u306e\u65cb\u524a\u52a0\u5de5\u304c\u5fc5\u8981\u306a\u5834\u5408\u306f\u3001\u304a\u65e9\u3081\u306b\u3054\u76f8\u8ac7\u304f\u3060\u3055\u3044\u3002<\/p>\n\n\n\n<h2 class=\"wp-block-heading\"><strong>CNC\u65cb\u524a\u52a0\u5de5\u80fd\u529b<\/strong><\/h2>\n\n\n\n<p>PPQ Precision Mechanical Co., Ltd \u306f\u73fe\u5728\u3001\u30e2\u30ea\u30bb\u30a4\u30ad \u30d6\u30e9\u30f3\u30c9\u306e 05 \u53f0\u306e\u65e5\u672c\u306e CNC \u65cb\u76e4\u3092\u6240\u6709\u3057\u3066\u3044\u307e\u3059\u3002 \u3053\u308c\u306f\u3001\u4eca\u65e5\u306e\u5e02\u5834\u3067\u6700\u3082\u8fd1\u4ee3\u7684\u306a CNC \u65cb\u76e4\u3067\u3059\u3002<\/p>\n\n\n<div class=\"xscontainer\" id=\"xscontainer_2\"><div class=\"wptableeditor_2\"><table class=\"stripe xs-w-100 xs-b-spacing xs-m-bottom\" id=\"wptableeditor_2\"><thead class=\"wptableeditor_2_thead\"><\/thead><tbody class=\"wptableeditor_2_tbody\"><\/tbody><\/table><\/div><\/div>\r\n\t\t\t\t<div class=\"modal-xs\">\r\n\t\t\t\t\t<div id=\"imagesModal\" class=\"modal fade\">\r\n\t\t\t\t\t  \t<div class=\"modal-dialog modal-dialog-scrollable\" style=\"max-width: 500px !important\">\r\n\t\t\t\t\t    \t\r\n\t\t\t\t\t      \t\t<div class=\"modal-content\">\r\n\t\t\t\t\t        \t\t<div class=\"modal-header\">\r\n\t\t\t\t\t          \t\t\t<h5 class=\"modal-title\" id=\"modal_title\" style=\"font-size: 17px;margin-bottom: 0\"><\/h5>\r\n\t\t\t\t\t          \t\t\t<span id=\"btn_close\"><\/span>\r\n\t\t\t\t\t        \t\t<\/div>\r\n\t\t\t\t\t        \t\t<div class=\"modal-body\">\r\n\t\t\t\t\t        \t\t\t<div id=\"image_views_wpte\"><\/Div>\r\n\t\t\t\t\t        \t\t<\/div>\r\n\t\t\t\t\t      \t\t<\/div>\r\n\t\t\t\t\t    \t\r\n\t\t\t\t\t  \t<\/div>\r\n\t\t\t\t\t<\/div>\r\n\t\t\t\t<\/div>\n\n\n\n<h2 class=\"wp-block-heading\"><strong>CNC\u65cb\u524a\u52a0\u5de5\u6750\u6599<\/strong><\/h2>\n\n\n\n<p><strong>PPQ Precision Mechanical Co., Ltd<\/strong> \u306f\u3001\u8f38\u5165\u8a3c\u660e\u66f8\u3068\u6750\u6599\u8a3c\u660e\u66f8 (CO-CQ) \u3092\u6301\u3064\u8a55\u5224\u306e\u826f\u3044\u30d1\u30fc\u30c8\u30ca\u30fc\u304b\u3089\u8cfc\u5165\u3057\u305f\u6750\u6599\u3092\u4f7f\u7528\u3059\u308b\u3053\u3068\u3092\u304a\u7d04\u675f\u3057\u307e\u3059\u3002<\/p>\n\n\n\n<p>\u79c1\u9054\u306f\u6b21\u306e\u6750\u6599\u30e9\u30a4\u30f3\u3092\u4f9b\u7d66\u3059\u308b\u3053\u3068\u304c\u3067\u304d\u307e\u3059: \u30a2\u30eb\u30df\u30cb\u30a6\u30e0\u3001\u30b9\u30c6\u30f3\u30ec\u30b9\u92fc\u3001\u92fc\u3001\u9285\u2026.<\/p>\n\n\n\n<h2 class=\"wp-block-heading\"><strong>\u8868\u9762\u7c97\u3055\u57fa\u6e96<\/strong><\/h2>\n\n\n\n<p>\u90e8\u54c1\u8868\u9762\u306e\u5909\u66f4\u3001\u88fd\u9020\u90e8\u54c1\u306e\u8868\u9762\u7c97\u3055\u3001\u786c\u5ea6\u3001\u8010\u85ac\u54c1\u6027\u3092\u9ad8\u3081\u308b\u305f\u3081\u306e\u6a5f\u68b0\u52a0\u5de5\u306a\u3069\u3001\u6a5f\u68b0\u90e8\u54c1\u306e\u4ed5\u4e0a\u3052\u52a0\u5de5\u30b5\u30fc\u30d3\u30b9\u3092\u63d0\u4f9b\u3057\u3066\u3044\u307e\u3059\u3002<\/p>\n\n\n\n<p>\u3053\u308c\u306b\u3088\u308a\u3001\u52a0\u5de5\u3055\u308c\u305f\u90e8\u54c1\u306e\u8868\u9762\u7c97\u3055\u304c\u304a\u5ba2\u69d8\u306e\u8981\u4ef6\u3092\u6e80\u305f\u3059\u3053\u3068\u3092\u4fdd\u8a3c\u3057\u307e\u3059\u3002 \u7c73\u56fd\u306e\u822a\u7a7a\u5b87\u5b99\u90e8\u54c1\u3068\u65e5\u672c\u306e\u533b\u7642\u6a5f\u5668\u90e8\u54c1\u306e\u8868\u9762\u7c97\u3055\u306e\u8981\u4ef6\u3092\u6e80\u305f\u3059 10 \u5e74\u4ee5\u4e0a\u306e\u7d4c\u9a13\u304c\u3042\u308a\u307e\u3059\u3002<\/p>\n\n\n<div class=\"wp-block-image\">\n<figure class=\"aligncenter is-resized\"><img decoding=\"async\" width=\"580\" height=\"483\" src=\"https:\/\/ppqprecision.com\/wp-content\/uploads\/2019\/08\/gai-cong-be-mat-hoan-thien-cnc.jpg\" alt=\"gia-cong-be-mat-hoan-thien-cnc\" class=\"wp-image-4245\" style=\"width:580px;height:483px\" srcset=\"https:\/\/ppqprecision.com\/wp-content\/uploads\/2019\/08\/gai-cong-be-mat-hoan-thien-cnc.jpg 580w, https:\/\/ppqprecision.com\/wp-content\/uploads\/2019\/08\/gai-cong-be-mat-hoan-thien-cnc-300x250.jpg 300w\" sizes=\"(max-width: 580px) 100vw, 580px\" \/><figcaption class=\"wp-element-caption\"><strong>Gia c\u00f4ng b\u1ec1 m\u1eb7t chi ti\u1ebft c\u01a1 kh\u00ed ch\u00ednh x\u00e1c<\/strong><\/figcaption><\/figure><\/div>\n\n\n<h2 class=\"wp-block-heading\"><strong>PPQ Precision Mechanical Co., Ltd\u306eCNC\u65cb\u524a\u30b5\u30fc\u30d3\u30b9\u306e\u5f37\u307f<\/strong><\/h2>\n\n\n\n<ul class=\"wp-block-list\">\n<li>\u6700\u65b0\u306eCNC\u65cb\u76e4\u30b7\u30b9\u30c6\u30e0\u306f\u3001\u9ad8\u901f\u3067\u5927\u304d\u306a\u5207\u524a\u529b\u3092\u5099\u3048\u305f\u65cb\u76e4\u30b7\u30b9\u30c6\u30e0\u306e\u304a\u304b\u3052\u3067\u3001\u52a0\u5de5\u6642\u9593\u3092\u77ed\u7e2e\u3059\u308b\u306e\u306b\u5f79\u7acb\u3061\u307e\u3059. \u8907\u96d1\u306a\u90e8\u54c1\u306e\u6700\u3082\u53b3\u3057\u3044\u8981\u4ef6\u3092\u6e80\u305f\u3059\u9ad8\u7cbe\u5ea6<\/li>\n\n\n\n<li>\u305d\u306e\u5b89\u5b9a\u6027\u306f\u7d20\u6674\u3089\u3057\u3044\u3067\u3059\u3002 \u90e8\u54c1\u306f\u540c\u3058\u30d0\u30c3\u30c1\u3067\u4ea4\u63db\u53ef\u80fd\u3067\u3059<\/li>\n\n\n\n<li>CNC \u30d7\u30ed\u30b0\u30e9\u30df\u30f3\u30b0\u306e\u7d4c\u9a13\u304c 10 \u5e74\u4ee5\u4e0a\u3042\u308b\u305f\u3081\u3001\u5927\u898f\u6a21\u306a CNC \u65cb\u524a\u30c7\u30fc\u30bf\u30d9\u30fc\u30b9\u3092\u69cb\u7bc9\u3067\u304d\u307e\u3059\u3002 \u3053\u308c\u306b\u3088\u308a\u3001CNC \u65cb\u76e4\u306e\u6ce8\u6587\u3092\u8fc5\u901f\u304b\u3064\u52b9\u7387\u7684\u306b\u51e6\u7406\u3067\u304d\u307e\u3059\u3002<\/li>\n<\/ul>\n\n\n\n<div class=\"wp-block-uagb-marketing-button uagb-marketing-btn__align-center uagb-marketing-btn__align-text-center uagb-marketing-btn__icon-after uagb-block-65b323f6 wp-block-button\"><a href=\"https:\/\/ppqprecision.com\/ja\/\u30d7\u30ed\u30b8\u30a7\u30af\u30c8\/\" class=\"uagb-marketing-btn__link wp-block-button__link\" target=\"_blank\" rel=\"noopener noreferrer\"><span class=\"uagb-marketing-btn__title\">\u4e00\u90e8\u306e\u88fd\u54c1\u306e\u5199\u771f<\/span><svg xmlns=\"https:\/\/www.w3.org\/2000\/svg\" viewBox=\"0 0 512 512\"><path d=\"M384 320c-17.67 0-32 14.33-32 32v96H64V160h96c17.67 0 32-14.32 32-32s-14.33-32-32-32L64 96c-35.35 0-64 28.65-64 64V448c0 35.34 28.65 64 64 64h288c35.35 0 64-28.66 64-64v-96C416 334.3 401.7 320 384 320zM488 0H352c-12.94 0-24.62 7.797-29.56 19.75c-4.969 11.97-2.219 25.72 6.938 34.88L370.8 96L169.4 297.4c-12.5 12.5-12.5 32.75 0 45.25C175.6 348.9 183.8 352 192 352s16.38-3.125 22.62-9.375L416 141.3l41.38 41.38c9.156 9.141 22.88 11.84 34.88 6.938C504.2 184.6 512 172.9 512 160V24C512 10.74 501.3 0 488 0z\"><\/path><\/svg><p class=\"uagb-marketing-btn__prefix\"><\/p><\/a><\/div>\n\n\n\n<div style=\"height:30px\" aria-hidden=\"true\" class=\"wp-block-spacer\"><\/div>\n\n\n\n<p><strong><em>\u6700\u9ad8\u306e\u30a2\u30c9\u30d0\u30a4\u30b9\u3068 CNC \u52a0\u5de5\u306b\u3064\u3044\u3066\u306f\u3001\u3059\u3050\u306b\u5f53\u793e\u306e\u6280\u8853\u90e8\u9580\u306b\u304a\u554f\u3044\u5408\u308f\u305b\u304f\u3060\u3055\u3044\u3002 \u8a2d\u8a08\u30d5\u30a1\u30a4\u30eb\u3092\u53d7\u3051\u53d6\u3063\u3066\u304b\u3089 24 \u6642\u9593\u4ee5\u5185\u306b\u3001\u5408\u7406\u7684\u306a\u4fa1\u683c\u3068\u6700\u9ad8\u54c1\u8cea\u306e CNC \u65cb\u76e4\u306e\u6280\u8853\u7684\u306a\u30a2\u30c9\u30d0\u30a4\u30b9\u3068\u898b\u7a4d\u3082\u308a\u3092\u63d0\u4f9b\u3057\u307e\u3059\u3002<\/em><\/strong><\/p>\n\n\n\n<p><\/p>\n","protected":false},"excerpt":{"rendered":"<p>PPQ Precision cung c\u1ea5p d\u1ecbch v\u1ee5 gia c\u00f4ng ti\u1ec7n CNC c\u00e1c chi ti\u1ebft m\u00e1y c\u00f3 \u0111\u1ed9 ph\u1ee9c t\u1ea1p v\u00e0 t\u00f9y ch\u1ec9nh theo y\u00eau c\u1ea7u c\u1ee7a kh\u00e1ch l\u1edbn t\u1eeb M\u1ef9 v\u00e0 Nh\u1eadt, v\u1edbi \u0111\u1ed9 ch\u00ednh x\u00e1c dung sai +\/-.005mm. Hi\u1ec7n t\u1ea1i, ch\u00fang t\u00f4i trang b\u1ecb 05 m\u00e1y ti\u1ec7n CNC hi\u1ec7n \u0111\u1ea1i c\u1ee7a h\u00e3ng Mori Seiki (Nh\u1eadt).<\/p>\n","protected":false},"author":3,"featured_media":0,"parent":0,"menu_order":0,"comment_status":"closed","ping_status":"closed","template":"","meta":{"om_disable_all_campaigns":false,"_uag_custom_page_level_css":"","_monsterinsights_skip_tracking":false,"_monsterinsights_sitenote_active":false,"_monsterinsights_sitenote_note":"","_monsterinsights_sitenote_category":0,"footnotes":""},"class_list":["post-55626","page","type-page","status-publish","hentry"],"aioseo_notices":[],"uagb_featured_image_src":{"full":false,"thumbnail":false,"medium":false,"medium_large":false,"large":false,"1536x1536":false,"2048x2048":false,"post-thumbnail-size":false,"round-personnel-size":false,"small-grid-size":false,"portrait":false,"post-slider-side":false,"full-slider":false,"portfolio-portrait":false,"blog-grid":false,"single-port-full":false},"uagb_author_info":{"display_name":"PPQ Mechanical","author_link":"https:\/\/ppqprecision.com\/ja\/author\/ppqmechanical\/"},"uagb_comment_info":0,"uagb_excerpt":"PPQ Precision cung c\u1ea5p d\u1ecbch v\u1ee5 gia c\u00f4ng ti\u1ec7n CNC c\u00e1c ch&hellip;","_links":{"self":[{"href":"https:\/\/ppqprecision.com\/ja\/wp-json\/wp\/v2\/pages\/55626","targetHints":{"allow":["GET"]}}],"collection":[{"href":"https:\/\/ppqprecision.com\/ja\/wp-json\/wp\/v2\/pages"}],"about":[{"href":"https:\/\/ppqprecision.com\/ja\/wp-json\/wp\/v2\/types\/page"}],"author":[{"embeddable":true,"href":"https:\/\/ppqprecision.com\/ja\/wp-json\/wp\/v2\/users\/3"}],"replies":[{"embeddable":true,"href":"https:\/\/ppqprecision.com\/ja\/wp-json\/wp\/v2\/comments?post=55626"}],"version-history":[{"count":1,"href":"https:\/\/ppqprecision.com\/ja\/wp-json\/wp\/v2\/pages\/55626\/revisions"}],"predecessor-version":[{"id":57583,"href":"https:\/\/ppqprecision.com\/ja\/wp-json\/wp\/v2\/pages\/55626\/revisions\/57583"}],"wp:attachment":[{"href":"https:\/\/ppqprecision.com\/ja\/wp-json\/wp\/v2\/media?parent=55626"}],"curies":[{"name":"wp","href":"https:\/\/api.w.org\/{rel}","templated":true}]}}