{"id":55631,"date":"2019-05-23T15:44:04","date_gmt":"2019-05-23T15:44:04","guid":{"rendered":"https:\/\/ppqprecision.com\/chinh-sach-bao-mat-2\/"},"modified":"2024-04-13T13:47:21","modified_gmt":"2024-04-13T13:47:21","slug":"%e3%83%97%e3%83%a9%e3%82%a4%e3%83%90%e3%82%b7%e3%83%bc%e3%83%9d%e3%83%aa%e3%82%b7%e3%83%bc","status":"publish","type":"page","link":"https:\/\/ppqprecision.com\/ja\/%e3%83%97%e3%83%a9%e3%82%a4%e3%83%90%e3%82%b7%e3%83%bc%e3%83%9d%e3%83%aa%e3%82%b7%e3%83%bc\/","title":{"rendered":"\u30d7\u30e9\u30a4\u30d0\u30b7\u30fc\u30dd\u30ea\u30b7"},"content":{"rendered":"\n<h2 class=\"wp-block-heading\">\n          <strong>Ch\u00ednh s\u00e1ch b\u1ea3o m\u1eadt a\u0301p du\u0323ng ta\u0323i PPQ Precision<\/strong>\n        <\/h2>\n<p>\n            <span style=\"font-size: 14pt; font-family: 'times new roman', times, serif;\"><span style=\"color: initial;\"><strong>PPQ Precision<\/strong> c\u00f3 nh\u1eefng ch\u00ednh s\u00e1ch b\u1ea3o m\u1eadt an to\u00e0n cho qu\u00fd kh\u00e1ch h\u00e0ng khi s\u1eed d\u1ee5ng t\u1ea5t c\u1ea3 c\u00e1c d\u1ecbch v\u1ee5 c\u1ee7a ch\u00fang t\u00f4i. Ch\u00fang t\u00f4i cam k\u1ebft b\u1ea3o m\u1eadt nh\u1eefng th\u00f4ng tin mang t\u00ednh ri\u00eang t\u01b0 c\u1ee7a kh\u00e1ch h\u00e0ng nh\u1eb1m n\u00e2ng cao ch\u1ea5t l\u01b0\u1ee3ng d\u1ecbch v\u1ee5 <strong>PPQ Precision<\/strong> m\u1eddi qu\u00fd kh\u00e1ch tham kh\u1ea3o ch\u00ednh s\u00e1ch b\u1ea3o m\u1eadt c\u1ee7a ch\u00fang t\u00f4i. Qu\u00fd kh\u00e1ch vui l\u00f2ng \u0111\u1ecdc b\u1ea3n \u201c<\/span><strong style=\"color: initial;\"><em>Ch\u00ednh s\u00e1ch b\u1ea3o m\u1eadt<\/em><\/strong><em style=\"color: initial;\">\u201d<\/em><span style=\"color: initial;\">&nbsp;c\u1ee5 th\u1ec3 b\u00ean d\u01b0\u1edbi \u0111\u1ec3 hi\u1ec3u h\u01a1n nh\u1eefng cam k\u1ebft m\u00e0 ch\u00fang t\u00f4i th\u1ef1c hi\u1ec7n, nh\u1eb1m t\u00f4n tr\u1ecdng, b\u1ea3o v\u1ec7 quy\u1ec1n l\u1ee3i c\u1ee7a ng\u01b0\u1eddi truy c\u1eadp:<\/span><\/span>\n          <\/p>\n<div class=\"entry-content\">\n<p><strong>1. M\u1ee4C \u0110\u00cdCH V\u00c0 PH\u1ea0M VI THU TH\u1eacP TH\u00d4NG TIN KH\u00c1CH H\u00c0NG<br \/><\/strong>Khi kh\u00e1ch h\u00e0ng \u0111\u1ec3 l\u1ea1i th\u00f4ng tin li\u00ean h\u1ec7 t\u1ea1i website <strong>ppqprecision.com<\/strong> ch\u00fang t\u00f4i s\u1ebd ti\u1ebfn h\u00e0nh thu th\u1eadp nh\u1eefng th\u00f4ng tin sau:<br \/>H\u1ecd v\u00e0 t\u00ean ng\u01b0\u1eddi c\u1ea7n cung c\u1ea5p th\u00f4ng tin.<br \/>S\u1ed1 \u0111i\u1ec7n tho\u1ea1i kh\u00e1ch h\u00e0ng<br \/>\u0110\u1ecba ch\u1ec9 email<\/p>\n<p><strong>2. PH\u1ea0M VI S\u1eec D\u1ee4NG TH\u00d4NG TIN<\/strong><br \/>H\u1ed7 tr\u1ee3 kh\u00e1ch h\u00e0ng khi s\u1eed d\u1ee5ng d\u1ecbch v\u1ee5<br \/>X\u1eed l\u00ed \u0111\u01a1n h\u00e0ng v\u00e0 cung c\u1ea5p c\u00e1c d\u1ecbch v\u1ee5 theo y\u00eau c\u1ea7u c\u1ee7a kh\u00e1ch h\u00e0ng<br \/>T\u01b0 v\u1ea5n b\u00e1o gi\u00e1 c\u00e1c d\u1ecbch v\u1ee5 gia c\u00f4ng c\u01a1 kh\u00ed<br \/>G\u1eedi h\u1ee3p \u0111\u1ed3ng, h\u00f3a \u0111\u01a1n, b\u1ea3n v\u1ebd c\u01a1 kh\u00ed<\/p>\n<p><strong>3. TH\u1edcI GIAN L\u01afU TR\u1eee TH\u00d4NG TIN<\/strong><br \/>Ch\u00fang t\u00f4i ch\u1ec9 gi\u1eef th\u00f4ng tin c\u1ee7a qu\u00fd kh\u00e1ch trong th\u1eddi gian lu\u1eadt ph\u00e1p y\u00eau c\u1ea7u ho\u1eb7c cho m\u1ee5c \u0111\u00edch m\u00e0 th\u00f4ng tin \u0111\u00f3 \u0111\u01b0\u1ee3c thu th\u1eadp.<\/p>\n<p><strong>4. \u0110\u1ecaA CH\u1ec8 C\u1ee6A \u0110\u01a0N V\u1eca THU TH\u1eacP V\u00c0 QU\u1ea2N L\u00cd TH\u00d4NG TIN C\u00c1 NH\u00c2N<\/strong><br \/>Khi qu\u00fd kh\u00e1ch h\u00e0ng truy c\u1eadp ppqprecision.com, m\u00e1y ch\u1ee7 c\u1ee7a ch\u00fang t\u00f4i s\u1ebd t\u1ef1 \u0111\u1ed9ng l\u01b0u tr\u1eef th\u00f4ng tin m\u00e0 tr\u00ecnh duy\u1ec7t c\u1ee7a qu\u00fd kh\u00e1ch g\u1eedi \u0111\u1ebfn. Nh\u1eefng th\u00f4ng tin n\u00e0y bao g\u1ed3m:<br \/>\u0110\u1ecba ch\u1ec9 IP c\u1ee7a qu\u00fd kh\u00e1ch<br \/>Lo\u1ea1i tr\u00ecnh duy\u1ec7t<br \/>C\u00e1c trang web m\u00e0 qu\u00fd kh\u00e1ch \u0111\u00e3 gh\u00e9 th\u0103m tr\u01b0\u1edbc khi \u0111\u1ebfn trang web c\u1ee7a ch\u00fang t\u00f4i<br \/>Nh\u1eefng trang m\u1ee5c trong trang web m\u00e0 qu\u00fd kh\u00e1ch gh\u00e9 th\u0103m<br \/>Kho\u1ea3ng th\u1eddi gian qu\u00fd kh\u00e1ch d\u00e0nh ra \u0111\u00e3 xem nh\u1eefng trang m\u1ee5c \u0111\u00f3, s\u1ea3n ph\u1ea9m, t\u00ecm ki\u1ebfm th\u00f4ng tin tr\u00ean trang web, th\u1eddi gian v\u00e0 ng\u00e0y th\u00e1ng truy c\u1eadp, v\u00e0 c\u00e1c s\u1ed1 li\u1ec7u th\u1ed1ng k\u00ea kh\u00e1c.<br \/>C\u00e1c th\u00f4ng tin \u0111\u00f3 \u0111\u01b0\u1ee3c thu th\u1eadp cho m\u1ee5c \u0111\u00edch ph\u00e2n t\u00edch v\u00e0 \u0111\u00e1nh gi\u00e1 \u0111\u1ec3 g\u00f3p ph\u1ea7n c\u1ea3i thi\u1ec7n trang web, d\u1ecbch v\u1ee5, v\u00e0 s\u1ea3n ph\u1ea9m m\u00e0 ch\u00fang t\u00f4i cung c\u1ea5p. Nh\u1eefng d\u1eef li\u1ec7u \u0111\u00f3 s\u1ebd kh\u00f4ng c\u00f3 li\u00ean quan g\u00ec \u0111\u1ebfn c\u00e1c th\u00f4ng tin c\u00e1 nh\u00e2n kh\u00e1c<\/p>\n<p><strong>5. PH\u01af\u01a0NG TI\u1ec6N V\u00c0 C\u00d4NG C\u1ee4 \u0110\u1ec2 NG\u01af\u1edcI D\u00d9NG TI\u1ebeP C\u1eacN V\u00c0 S\u1eecA CH\u1eeeA D\u1eee LI\u1ec6U C\u00c1 NH\u00c2N C\u1ee6A M\u00ccNH<br \/><\/strong>Qu\u00fd kh\u00e1ch c\u00f3 th\u1ec3 c\u1eadp nh\u1eadt th\u00f4ng tin b\u1ea5t k\u00ec l\u00fac n\u00e0o b\u1eb1ng c\u00e1ch \u0111\u0103ng nh\u1eadp v\u00e0o website ppqprecision.com . Ho\u1eb7c li\u00ean h\u1ec7 v\u1edbi b\u1ed9 ph\u1eadn ch\u0103m s\u00f3c kh\u00e1ch h\u00e0ng tr\u1ef1c ti\u1ebfp theo s\u1ed1 \u0111i\u1ec7n tho\u1ea1i: (+84)982926783<\/p>\n<p><strong>6. CAM K\u1ebeT B\u1ea2O M\u1eacT TH\u00d4NG TIN KH\u00c1CH H\u00c0NG<\/strong><br \/><strong>PPQ Precision<\/strong> cam \u0111oan s\u1ebd KH\u00d4NG b\u00e1n, chia s\u1ebb d\u1eabn \u0111\u1ebfn l\u00e0m l\u1ed9 th\u00f4ng tin kh\u00e1ch h\u00e0ng nh\u1eb1m m\u1ee5c \u0111\u00edch th\u01b0\u01a1ng m\u1ea1i vi ph\u1ea1m ch\u00ednh ch\u00edch s\u00e1ch b\u1ea3o m\u1eadt n\u00e0y. T\u1ea5t c\u1ea3 nh\u1eefng th\u00f4ng tin giao d\u1ecbch gi\u1eefa b\u1ea1n v\u00e0 <strong>PPQ Precision<\/strong> \u0111\u1ec1u \u0111\u01b0\u1ee3c b\u1ea3o m\u1eadt, tuy nhi\u00ean b\u1ea1n kh\u00f4ng n\u00ean trao \u0111\u1ed5i nh\u1eefng th\u00f4ng tin thanh to\u00e1n, giao nh\u1eadn c\u1ee7a m\u00ecnh cho b\u00ean th\u1ee9 3 n\u00e0o bi\u1ebft \u0111\u1ec3 tr\u00e1nh r\u00f2 r\u1ec9 th\u00f4ng tin.Trong tr\u01b0\u1eddng h\u1ee3p ph\u00e1p lu\u1eadt y\u00eau c\u1ea7u, ch\u00fang t\u00f4i bu\u1ed9c ph\u1ea3i cung c\u1ea5p th\u00f4ng tin n\u00e0y cho c\u01a1 quan ph\u00e1p lu\u1eadt<br \/><strong>PPQ Precision<\/strong>&nbsp;hi\u1ec3u r\u1eb1ng quy\u1ec1n l\u1ee3i c\u1ee7a b\u1ea1n trong vi\u1ec7c b\u1ea3o v\u1ec7 s\u1ef1 ri\u00eang t\u01b0 ch\u00ednh l\u00e0 tr\u00e1ch nhi\u1ec7m c\u1ee7a ch\u00fang t\u00f4i.<\/p>\n<p><strong>7. C\u01a0 CH\u1ebe TI\u1ebeP NH\u1eacN V\u00c0 GI\u1ea2I QUY\u1ebeT KHI\u1ebeU N\u1ea0I C\u1ee6A NG\u01af\u1edcI TI\u00caU D\u00d9NG LI\u00caN QUAN \u0110\u1ebeN VI\u1ec6C TH\u00d4NG TIN C\u00c1 NH\u00c2N B\u1eca S\u1eec D\u1ee4NG SAI M\u1ee4C \u0110\u00cdCH HO\u1eb6C PH\u1ea0M VI \u0110\u00c3 TH\u00d4NG B\u00c1O.<br \/><\/strong>M\u1ecdi th\u00f4ng tin c\u1ee7a kh\u00e1ch h\u00e0ng ch\u00fang t\u00f4i cam k\u1ebft gi\u1eef b\u00ed m\u1eadt, tr\u01b0\u1eddng h\u1ee3p th\u00f4ng tin kh\u00e1ch h\u00e0ng b\u1ecb l\u1ed9 ch\u00fang t\u00f4i s\u1ebd t\u00ecm hi\u1ec3u nguy\u00ean nh\u00e2n, ch\u1ecbu tr\u00e1ch nhi\u1ec7m n\u00ea\u0301u s\u1ef1 vi\u1ec7c x\u1ea3y ra do l\u00f4\u0303i t\u01b0\u0300 phi\u0301a cu\u0309a chu\u0301ng t\u00f4i.<br \/>M\u1ecdi th\u00f4ng tin khi\u1ebfu n\u1ea1i vui l\u00f2ng g\u1ecdi v\u1ec1 h\u00f2m th\u01b0: info@ppqprecision.com ho\u1eb7c g\u1ecdi tr\u1ef1c ti\u1ebfp qua s\u1ed1 (+84)982926783<\/p>\n<p><strong>8. QUY \u0110\u1ecaNH V\u1ec0 \u201cSPAM\u201d<\/strong><br \/><strong>PPQ Precision<\/strong> th\u1ef1c s\u1ef1 quan ng\u1ea1i v\u1ea5n n\u1ea1n Spam (th\u01b0 r\u00e1c), c\u00e1c tin nh\u1eafn, Email gi\u1ea3 m\u1ea1o danh t\u00ednh ch\u00fang t\u00f4i g\u1eedi \u0111i. Do \u0111\u00f3 <strong>PPQ Precision<\/strong> kh\u1eb3ng \u0111\u1ecbnh ch\u1ec9 g\u1eedi tin nh\u1eafn, email \u0111\u1ebfn kh\u00e1ch h\u00e0ng khi v\u00e0 ch\u1ec9 khi kh\u00e1ch h\u00e0ng c\u00f3 \u0111\u0103ng k\u00fd, \u0111\u1eb7t mua h\u00e0ng ho\u1eb7c s\u1eed d\u1ee5ng d\u1ecbch v\u1ee5 t\u1eeb h\u1ec7 th\u1ed1ng c\u1ee7a ch\u00fang t\u00f4i.<br \/><strong>PPQ Precision<\/strong> cam k\u1ebft kh\u00f4ng b\u00e1n ho\u1eb7c cho thu\u00ea s\u1ed1 \u0111i\u1ec7n tho\u1ea1i, email c\u1ee7a kh\u00e1ch h\u00e0ng v\u1edbi b\u00ean th\u1ee9 ba. N\u1ebfu kh\u00e1ch h\u00e0ng v\u00f4 t\u00ecnh nh\u1eadn \u0111\u01b0\u1ee3c tin nh\u1eafn, Email kh\u00f4ng theo y\u00eau c\u1ea7u t\u1eeb h\u1ec7 th\u1ed1ng c\u1ee7a ch\u00fang t\u00f4i do m\u1ed9t nguy\u00ean nh\u00e2n ngo\u00e0i \u00fd mu\u1ed1n, xin vui l\u00f2ng th\u00f4ng b\u00e1o tr\u1ef1c ti\u1ebfp \u0111\u1ebfn b\u1ed9 ph\u1eadn ch\u0103m s\u00f3c kh\u00e1ch h\u00e0ng (+84)982926783<\/p>\n<p><strong>9. THAY \u0110\u1ed4I CH\u00cdNH S\u00c1CH B\u1ea2O M\u1eacT<\/strong><br \/>Ch\u00fang t\u00f4i ho\u00e0n to\u00e0n c\u00f3 th\u1ec3 thay \u0111\u1ed5i v\u00e0 ch\u1ec9nh s\u1eeda Ch\u00ednh s\u00e1ch B\u1ea3o m\u1eadt m\u00e0 kh\u00f4ng c\u1ea7n ph\u1ea3i th\u00f4ng b\u00e1o tr\u01b0\u1edbc, \u0111\u1ec3 ph\u00f9 h\u1ee3p v\u1edbi c\u00e1c nhu c\u1ea7u c\u1ee7a <strong>PPQ Precision<\/strong> c\u0169ng nh\u01b0 s\u1ef1 ph\u1ea3n h\u1ed3i t\u1eeb kh\u00e1ch h\u00e0ng n\u1ebfu c\u00f3. B\u1ea5t c\u1ee9 thay \u0111\u1ed5i n\u00e0o c\u0169ng \u0111\u1ec1u \u0111\u01b0\u1ee3c \u0111\u0103ng tr\u00ean web c\u1ee7a ch\u00fang t\u00f4i. Xin qu\u00fd kh\u00e1ch vui l\u00f2ng c\u1eadp nh\u1eadt \u0111\u1ec3 bi\u1ebft th\u00eam chi ti\u1ebft.<br \/>N\u1ed9i dung \u201cCh\u00ednh s\u00e1ch b\u1ea3o m\u1eadt\u201d n\u00e0y ch\u1ec9 \u00e1p d\u1ee5ng t\u1ea1i <strong>PPQ Precision<\/strong>, kh\u00f4ng bao g\u1ed3m ho\u1eb7c li\u00ean quan \u0111\u1ebfn c\u00e1c b\u00ean th\u1ee9 ba \u0111\u1eb7t qu\u1ea3ng c\u00e1o hay c\u00f3 Links t\u1ea1i <strong>PPQ Precision.<\/strong><br \/>Ch\u00fang t\u00f4i khuy\u1ebfn kh\u00edch b\u1ea1n \u0111\u1ecdc k\u1ef9 ch\u00ednh s\u00e1ch An to\u00e0n v\u00e0 B\u1ea3o m\u1eadt c\u00e1c trang web c\u1ee7a b\u00ean th\u1ee9 ba tr\u01b0\u1edbc khi cung c\u1ea5p th\u00f4ng tin c\u00e1 nh\u00e2n cho c\u00e1c trang web \u0111\u00f3. Ch\u00fang t\u00f4i kh\u00f4ng ch\u1ecbu tr\u00e1ch nhi\u1ec7m d\u01b0\u1edbi b\u1ea5t k\u1ef3 h\u00ecnh th\u1ee9c n\u00e0o v\u1ec1 n\u1ed9i dung v\u00e0 t\u00ednh ph\u00e1p l\u00fd c\u1ee7a trang web thu\u1ed9c b\u00ean th\u1ee9 ba.<\/p>\n<\/p><\/div>\n\n<div class=\"wp-block-uagb-container uagb-block-c732d581 alignfull uagb-is-root-container\">\n<div class=\"wp-block-uagb-container uagb-block-f418e178\">\n<h2 class=\"has-text-align-center wp-block-heading\"><a href=\"https:\/\/ppqprecision.com\/chinh-sach-thanh-toan\/\"><strong>Ch\u00ednh s\u00e1ch thanh to\u00e1n<\/strong><\/a><\/h2>\n<\/div>\n\n\n\n<div class=\"wp-block-uagb-container uagb-block-129a81b1\">\n<h2 class=\"has-text-align-center wp-block-heading\"><a href=\"https:\/\/ppqprecision.com\/chinh-sach-van-chuyen\/\"><strong>Ch\u00ednh s\u00e1ch v\u1eadn chuy\u1ec3n<\/strong><\/a><\/h2>\n<\/div>\n\n\n\n<div class=\"wp-block-uagb-container uagb-block-f3a59242\">\n<h2 class=\"has-text-align-center wp-block-heading\"><a href=\"https:\/\/ppqprecision.com\/chinh-sach-doi-tra-hang\/\"><strong>Ch\u00ednh s\u00e1ch \u0111\u1ed5i tr\u1ea3 h\u00e0ng<\/strong><\/a><\/h2>\n<\/div>\n<\/div>\n","protected":false},"excerpt":{"rendered":"<p>Ch\u00ednh s\u00e1ch b\u1ea3o m\u1eadt a\u0301p du\u0323ng ta\u0323i PPQ Precision PPQ Precision c\u00f3 nh\u1eefng ch\u00ednh s\u00e1ch b\u1ea3o m\u1eadt an to\u00e0n cho qu\u00fd kh\u00e1c&#8230; <\/p>\n<div class=\"clear\"><\/div>\n<p><a href=\"https:\/\/ppqprecision.com\/ja\/%e3%83%97%e3%83%a9%e3%82%a4%e3%83%90%e3%82%b7%e3%83%bc%e3%83%9d%e3%83%aa%e3%82%b7%e3%83%bc\/\" class=\"excerpt-read-more\">Learn More<i class=\"fa fa-angle-double-right icon-double-angle-right\"><\/i><\/a><\/p>\n","protected":false},"author":3,"featured_media":0,"parent":0,"menu_order":0,"comment_status":"closed","ping_status":"closed","template":"","meta":{"om_disable_all_campaigns":false,"_uag_custom_page_level_css":"","_monsterinsights_skip_tracking":false,"_monsterinsights_sitenote_active":false,"_monsterinsights_sitenote_note":"","_monsterinsights_sitenote_category":0,"footnotes":""},"class_list":["post-55631","page","type-page","status-publish","hentry"],"aioseo_notices":[],"uagb_featured_image_src":{"full":false,"thumbnail":false,"medium":false,"medium_large":false,"large":false,"1536x1536":false,"2048x2048":false,"post-thumbnail-size":false,"round-personnel-size":false,"small-grid-size":false,"portrait":false,"post-slider-side":false,"full-slider":false,"portfolio-portrait":false,"blog-grid":false,"single-port-full":false},"uagb_author_info":{"display_name":"PPQ Mechanical","author_link":"https:\/\/ppqprecision.com\/ja\/author\/ppqmechanical\/"},"uagb_comment_info":0,"uagb_excerpt":"Ch\u00ednh s\u00e1ch b\u1ea3o m\u1eadt a\u0301p du\u0323ng ta\u0323i PPQ Precision PPQ Pre&hellip;","_links":{"self":[{"href":"https:\/\/ppqprecision.com\/ja\/wp-json\/wp\/v2\/pages\/55631","targetHints":{"allow":["GET"]}}],"collection":[{"href":"https:\/\/ppqprecision.com\/ja\/wp-json\/wp\/v2\/pages"}],"about":[{"href":"https:\/\/ppqprecision.com\/ja\/wp-json\/wp\/v2\/types\/page"}],"author":[{"embeddable":true,"href":"https:\/\/ppqprecision.com\/ja\/wp-json\/wp\/v2\/users\/3"}],"replies":[{"embeddable":true,"href":"https:\/\/ppqprecision.com\/ja\/wp-json\/wp\/v2\/comments?post=55631"}],"version-history":[{"count":3,"href":"https:\/\/ppqprecision.com\/ja\/wp-json\/wp\/v2\/pages\/55631\/revisions"}],"predecessor-version":[{"id":57800,"href":"https:\/\/ppqprecision.com\/ja\/wp-json\/wp\/v2\/pages\/55631\/revisions\/57800"}],"wp:attachment":[{"href":"https:\/\/ppqprecision.com\/ja\/wp-json\/wp\/v2\/media?parent=55631"}],"curies":[{"name":"wp","href":"https:\/\/api.w.org\/{rel}","templated":true}]}}